{"id":74,"date":"2025-07-02T15:43:39","date_gmt":"2025-07-02T15:43:39","guid":{"rendered":"http:\/\/gmtbiok.cluster100.hosting.ovh.net\/?page_id=74"},"modified":"2025-07-02T15:43:39","modified_gmt":"2025-07-02T15:43:39","slug":"services","status":"publish","type":"page","link":"https:\/\/www.gmt-biopharm.com\/index.php\/services\/","title":{"rendered":"Services"},"content":{"rendered":"\n<p>Distribution Pharmaceutique<\/p>\n\n\n\n<div class=\"wp-block-group is-vertical is-layout-flex wp-container-core-group-is-layout-8cf370e7 wp-block-group-is-layout-flex\">\n<p>Approvisionnement en m\u00e9dicaments essentiels et sp\u00e9cialis\u00e9s<\/p>\n<\/div>\n\n\n\n<p>Livraison s\u00e9curis\u00e9e vers les zones rurales et enclav\u00e9es<\/p>\n\n\n\n<p>Gestion des stocks et des ruptures d\u2019approvisionnement<\/p>\n\n\n\n<p><\/p>\n","protected":false},"excerpt":{"rendered":"<p>Distribution Pharmaceutique Approvisionnement en m\u00e9dicaments essentiels et sp\u00e9cialis\u00e9s Livraison s\u00e9curis\u00e9e vers les zones rurales et enclav\u00e9es Gestion des stocks et des ruptures d\u2019approvisionnement<\/p>\n","protected":false},"author":1,"featured_media":0,"parent":0,"menu_order":0,"comment_status":"closed","ping_status":"closed","template":"","meta":{"footnotes":""},"class_list":["post-74","page","type-page","status-publish","hentry"],"_links":{"self":[{"href":"https:\/\/www.gmt-biopharm.com\/index.php\/wp-json\/wp\/v2\/pages\/74","targetHints":{"allow":["GET"]}}],"collection":[{"href":"https:\/\/www.gmt-biopharm.com\/index.php\/wp-json\/wp\/v2\/pages"}],"about":[{"href":"https:\/\/www.gmt-biopharm.com\/index.php\/wp-json\/wp\/v2\/types\/page"}],"author":[{"embeddable":true,"href":"https:\/\/www.gmt-biopharm.com\/index.php\/wp-json\/wp\/v2\/users\/1"}],"replies":[{"embeddable":true,"href":"https:\/\/www.gmt-biopharm.com\/index.php\/wp-json\/wp\/v2\/comments?post=74"}],"version-history":[{"count":1,"href":"https:\/\/www.gmt-biopharm.com\/index.php\/wp-json\/wp\/v2\/pages\/74\/revisions"}],"predecessor-version":[{"id":75,"href":"https:\/\/www.gmt-biopharm.com\/index.php\/wp-json\/wp\/v2\/pages\/74\/revisions\/75"}],"wp:attachment":[{"href":"https:\/\/www.gmt-biopharm.com\/index.php\/wp-json\/wp\/v2\/media?parent=74"}],"curies":[{"name":"wp","href":"https:\/\/api.w.org\/{rel}","templated":true}]}}