{"id":44,"date":"2025-07-02T14:47:50","date_gmt":"2025-07-02T14:47:50","guid":{"rendered":"http:\/\/gmtbiok.cluster100.hosting.ovh.net\/?page_id=44"},"modified":"2025-07-02T14:47:50","modified_gmt":"2025-07-02T14:47:50","slug":"notre-engagement","status":"publish","type":"page","link":"https:\/\/www.gmt-biopharm.com\/index.php\/notre-engagement\/","title":{"rendered":"Notre Engagement"},"content":{"rendered":"\n<p>En pla\u00e7ant l\u2019\u00e9thique, la qualit\u00e9 et la proximit\u00e9 au c\u0153ur de ses actions, GMT BIOPHARM entend \u00eatre un <strong>partenaire strat\u00e9gique<\/strong> des autorit\u00e9s sanitaires, des ONG et des partenaires internationaux engag\u00e9s pour un meilleur acc\u00e8s \u00e0 la sant\u00e9.<\/p>\n","protected":false},"excerpt":{"rendered":"<p>En pla\u00e7ant l\u2019\u00e9thique, la qualit\u00e9 et la proximit\u00e9 au c\u0153ur de ses actions, GMT BIOPHARM entend \u00eatre un partenaire strat\u00e9gique des autorit\u00e9s sanitaires, des ONG et des partenaires internationaux engag\u00e9s pour un meilleur acc\u00e8s \u00e0 la sant\u00e9.<\/p>\n","protected":false},"author":1,"featured_media":0,"parent":0,"menu_order":0,"comment_status":"closed","ping_status":"closed","template":"","meta":{"footnotes":""},"class_list":["post-44","page","type-page","status-publish","hentry"],"_links":{"self":[{"href":"https:\/\/www.gmt-biopharm.com\/index.php\/wp-json\/wp\/v2\/pages\/44","targetHints":{"allow":["GET"]}}],"collection":[{"href":"https:\/\/www.gmt-biopharm.com\/index.php\/wp-json\/wp\/v2\/pages"}],"about":[{"href":"https:\/\/www.gmt-biopharm.com\/index.php\/wp-json\/wp\/v2\/types\/page"}],"author":[{"embeddable":true,"href":"https:\/\/www.gmt-biopharm.com\/index.php\/wp-json\/wp\/v2\/users\/1"}],"replies":[{"embeddable":true,"href":"https:\/\/www.gmt-biopharm.com\/index.php\/wp-json\/wp\/v2\/comments?post=44"}],"version-history":[{"count":1,"href":"https:\/\/www.gmt-biopharm.com\/index.php\/wp-json\/wp\/v2\/pages\/44\/revisions"}],"predecessor-version":[{"id":45,"href":"https:\/\/www.gmt-biopharm.com\/index.php\/wp-json\/wp\/v2\/pages\/44\/revisions\/45"}],"wp:attachment":[{"href":"https:\/\/www.gmt-biopharm.com\/index.php\/wp-json\/wp\/v2\/media?parent=44"}],"curies":[{"name":"wp","href":"https:\/\/api.w.org\/{rel}","templated":true}]}}