{"id":42,"date":"2025-07-02T14:48:22","date_gmt":"2025-07-02T14:48:22","guid":{"rendered":"http:\/\/gmtbiok.cluster100.hosting.ovh.net\/?page_id=42"},"modified":"2025-07-02T14:48:22","modified_gmt":"2025-07-02T14:48:22","slug":"notre-mission","status":"publish","type":"page","link":"https:\/\/www.gmt-biopharm.com\/index.php\/notre-mission\/","title":{"rendered":"Notre Mission"},"content":{"rendered":"\n<p>Mettre \u00e0 disposition des populations de la sous r\u00e9gion Afrique Centrale, y compris dans les zones les plus enclav\u00e9es, des produits pharmaceutiques certifi\u00e9s, dans le respect des normes d\u2019\u00e9thique, de tra\u00e7abilit\u00e9 et de r\u00e9activit\u00e9 logistique.<\/p>\n","protected":false},"excerpt":{"rendered":"<p>Mettre \u00e0 disposition des populations de la sous r\u00e9gion Afrique Centrale, y compris dans les zones les plus enclav\u00e9es, des produits pharmaceutiques certifi\u00e9s, dans le respect des normes d\u2019\u00e9thique, de tra\u00e7abilit\u00e9 et de r\u00e9activit\u00e9 logistique.<\/p>\n","protected":false},"author":1,"featured_media":0,"parent":0,"menu_order":0,"comment_status":"closed","ping_status":"closed","template":"","meta":{"footnotes":""},"class_list":["post-42","page","type-page","status-publish","hentry"],"_links":{"self":[{"href":"https:\/\/www.gmt-biopharm.com\/index.php\/wp-json\/wp\/v2\/pages\/42","targetHints":{"allow":["GET"]}}],"collection":[{"href":"https:\/\/www.gmt-biopharm.com\/index.php\/wp-json\/wp\/v2\/pages"}],"about":[{"href":"https:\/\/www.gmt-biopharm.com\/index.php\/wp-json\/wp\/v2\/types\/page"}],"author":[{"embeddable":true,"href":"https:\/\/www.gmt-biopharm.com\/index.php\/wp-json\/wp\/v2\/users\/1"}],"replies":[{"embeddable":true,"href":"https:\/\/www.gmt-biopharm.com\/index.php\/wp-json\/wp\/v2\/comments?post=42"}],"version-history":[{"count":1,"href":"https:\/\/www.gmt-biopharm.com\/index.php\/wp-json\/wp\/v2\/pages\/42\/revisions"}],"predecessor-version":[{"id":43,"href":"https:\/\/www.gmt-biopharm.com\/index.php\/wp-json\/wp\/v2\/pages\/42\/revisions\/43"}],"wp:attachment":[{"href":"https:\/\/www.gmt-biopharm.com\/index.php\/wp-json\/wp\/v2\/media?parent=42"}],"curies":[{"name":"wp","href":"https:\/\/api.w.org\/{rel}","templated":true}]}}