{"id":116,"date":"2025-07-02T16:14:31","date_gmt":"2025-07-02T16:14:31","guid":{"rendered":"http:\/\/gmtbiok.cluster100.hosting.ovh.net\/?page_id=116"},"modified":"2025-07-04T11:47:51","modified_gmt":"2025-07-04T11:47:51","slug":"formation-et-sensibilisation","status":"publish","type":"page","link":"https:\/\/www.gmt-biopharm.com\/index.php\/formation-et-sensibilisation\/","title":{"rendered":"Formation et sensibilisation"},"content":{"rendered":"\n<div class=\"wp-block-media-text is-stacked-on-mobile\"><figure class=\"wp-block-media-text__media\"><img loading=\"lazy\" decoding=\"async\" width=\"751\" height=\"491\" src=\"http:\/\/gmtbiok.cluster100.hosting.ovh.net\/wp-content\/uploads\/2025\/07\/formation.png\" alt=\"\" class=\"wp-image-134 size-full\" srcset=\"https:\/\/gmtbiok.cluster100.hosting.ovh.net\/wp-content\/uploads\/2025\/07\/formation.png 751w, https:\/\/gmtbiok.cluster100.hosting.ovh.net\/wp-content\/uploads\/2025\/07\/formation-300x196.png 300w, https:\/\/gmtbiok.cluster100.hosting.ovh.net\/wp-content\/uploads\/2025\/07\/formation-344x225.png 344w\" sizes=\"auto, (max-width: 751px) 100vw, 751px\" \/><\/figure><div class=\"wp-block-media-text__content\">\n<p>Sessions de formation pour les professionnels de sant\u00e9 sur la bonne distribution des m\u00e9dicaments<\/p>\n<\/div><\/div>\n\n\n\n<div class=\"wp-block-media-text is-stacked-on-mobile\"><figure class=\"wp-block-media-text__media\"><img loading=\"lazy\" decoding=\"async\" width=\"345\" height=\"146\" src=\"http:\/\/gmtbiok.cluster100.hosting.ovh.net\/wp-content\/uploads\/2025\/07\/sensibilisation.jpg\" alt=\"\" class=\"wp-image-132 size-full\" srcset=\"https:\/\/gmtbiok.cluster100.hosting.ovh.net\/wp-content\/uploads\/2025\/07\/sensibilisation.jpg 345w, https:\/\/gmtbiok.cluster100.hosting.ovh.net\/wp-content\/uploads\/2025\/07\/sensibilisation-300x127.jpg 300w\" sizes=\"auto, (max-width: 345px) 100vw, 345px\" \/><\/figure><div class=\"wp-block-media-text__content\">\n<p>Sensibilisation \u00e0 l\u2019usage rationnel des m\u00e9dicaments dans les communaut\u00e9s<\/p>\n<\/div><\/div>\n","protected":false},"excerpt":{"rendered":"<p>Sessions de formation pour les professionnels de sant\u00e9 sur la bonne distribution des m\u00e9dicaments Sensibilisation \u00e0 l\u2019usage rationnel des m\u00e9dicaments dans les communaut\u00e9s<\/p>\n","protected":false},"author":1,"featured_media":0,"parent":0,"menu_order":0,"comment_status":"closed","ping_status":"closed","template":"","meta":{"footnotes":""},"class_list":["post-116","page","type-page","status-publish","hentry"],"_links":{"self":[{"href":"https:\/\/www.gmt-biopharm.com\/index.php\/wp-json\/wp\/v2\/pages\/116","targetHints":{"allow":["GET"]}}],"collection":[{"href":"https:\/\/www.gmt-biopharm.com\/index.php\/wp-json\/wp\/v2\/pages"}],"about":[{"href":"https:\/\/www.gmt-biopharm.com\/index.php\/wp-json\/wp\/v2\/types\/page"}],"author":[{"embeddable":true,"href":"https:\/\/www.gmt-biopharm.com\/index.php\/wp-json\/wp\/v2\/users\/1"}],"replies":[{"embeddable":true,"href":"https:\/\/www.gmt-biopharm.com\/index.php\/wp-json\/wp\/v2\/comments?post=116"}],"version-history":[{"count":2,"href":"https:\/\/www.gmt-biopharm.com\/index.php\/wp-json\/wp\/v2\/pages\/116\/revisions"}],"predecessor-version":[{"id":135,"href":"https:\/\/www.gmt-biopharm.com\/index.php\/wp-json\/wp\/v2\/pages\/116\/revisions\/135"}],"wp:attachment":[{"href":"https:\/\/www.gmt-biopharm.com\/index.php\/wp-json\/wp\/v2\/media?parent=116"}],"curies":[{"name":"wp","href":"https:\/\/api.w.org\/{rel}","templated":true}]}}