{"id":110,"date":"2025-07-02T16:11:29","date_gmt":"2025-07-02T16:11:29","guid":{"rendered":"http:\/\/gmtbiok.cluster100.hosting.ovh.net\/?page_id=110"},"modified":"2025-07-04T11:34:09","modified_gmt":"2025-07-04T11:34:09","slug":"logistique-et-chaine-dapprovisionnement","status":"publish","type":"page","link":"https:\/\/www.gmt-biopharm.com\/index.php\/logistique-et-chaine-dapprovisionnement\/","title":{"rendered":"Logistique et cha\u00eene d\u2019approvisionnement"},"content":{"rendered":"\n<div class=\"wp-block-media-text is-stacked-on-mobile\"><figure class=\"wp-block-media-text__media\"><img loading=\"lazy\" decoding=\"async\" width=\"1000\" height=\"675\" src=\"http:\/\/gmtbiok.cluster100.hosting.ovh.net\/wp-content\/uploads\/2025\/07\/Devis-pour-la-distribution-de-palettes.jpeg\" alt=\"\" class=\"wp-image-129 size-full\" srcset=\"https:\/\/gmtbiok.cluster100.hosting.ovh.net\/wp-content\/uploads\/2025\/07\/Devis-pour-la-distribution-de-palettes.jpeg 1000w, https:\/\/gmtbiok.cluster100.hosting.ovh.net\/wp-content\/uploads\/2025\/07\/Devis-pour-la-distribution-de-palettes-300x203.jpeg 300w, https:\/\/gmtbiok.cluster100.hosting.ovh.net\/wp-content\/uploads\/2025\/07\/Devis-pour-la-distribution-de-palettes-768x518.jpeg 768w, https:\/\/gmtbiok.cluster100.hosting.ovh.net\/wp-content\/uploads\/2025\/07\/Devis-pour-la-distribution-de-palettes-333x225.jpeg 333w\" sizes=\"auto, (max-width: 1000px) 100vw, 1000px\" \/><\/figure><div class=\"wp-block-media-text__content\">\n<p>Mise en place de plateformes de distribution r\u00e9gionales<\/p>\n<\/div><\/div>\n\n\n\n<div class=\"wp-block-media-text is-stacked-on-mobile\"><figure class=\"wp-block-media-text__media\"><img loading=\"lazy\" decoding=\"async\" width=\"1024\" height=\"510\" src=\"http:\/\/gmtbiok.cluster100.hosting.ovh.net\/wp-content\/uploads\/2025\/07\/a-flat-style-illustration-of-a-pharmacist-in-a-wel-min-1024x510-1.jpg\" alt=\"\" class=\"wp-image-128 size-full\" srcset=\"https:\/\/gmtbiok.cluster100.hosting.ovh.net\/wp-content\/uploads\/2025\/07\/a-flat-style-illustration-of-a-pharmacist-in-a-wel-min-1024x510-1.jpg 1024w, https:\/\/gmtbiok.cluster100.hosting.ovh.net\/wp-content\/uploads\/2025\/07\/a-flat-style-illustration-of-a-pharmacist-in-a-wel-min-1024x510-1-300x149.jpg 300w, https:\/\/gmtbiok.cluster100.hosting.ovh.net\/wp-content\/uploads\/2025\/07\/a-flat-style-illustration-of-a-pharmacist-in-a-wel-min-1024x510-1-768x383.jpg 768w, https:\/\/gmtbiok.cluster100.hosting.ovh.net\/wp-content\/uploads\/2025\/07\/a-flat-style-illustration-of-a-pharmacist-in-a-wel-min-1024x510-1-450x225.jpg 450w\" sizes=\"auto, (max-width: 1024px) 100vw, 1024px\" \/><\/figure><div class=\"wp-block-media-text__content\">\n<p>Suivi en temps r\u00e9el des flux de m\u00e9dicaments<\/p>\n<\/div><\/div>\n\n\n\n<div class=\"wp-block-media-text is-stacked-on-mobile\"><figure class=\"wp-block-media-text__media\"><img loading=\"lazy\" decoding=\"async\" width=\"1024\" height=\"819\" src=\"http:\/\/gmtbiok.cluster100.hosting.ovh.net\/wp-content\/uploads\/2025\/07\/AdobeStock_51635003-1024x819.jpeg\" alt=\"\" class=\"wp-image-127 size-full\" srcset=\"https:\/\/gmtbiok.cluster100.hosting.ovh.net\/wp-content\/uploads\/2025\/07\/AdobeStock_51635003-1024x819.jpeg 1024w, https:\/\/gmtbiok.cluster100.hosting.ovh.net\/wp-content\/uploads\/2025\/07\/AdobeStock_51635003-300x240.jpeg 300w, https:\/\/gmtbiok.cluster100.hosting.ovh.net\/wp-content\/uploads\/2025\/07\/AdobeStock_51635003-768x614.jpeg 768w, https:\/\/gmtbiok.cluster100.hosting.ovh.net\/wp-content\/uploads\/2025\/07\/AdobeStock_51635003-1536x1229.jpeg 1536w, https:\/\/gmtbiok.cluster100.hosting.ovh.net\/wp-content\/uploads\/2025\/07\/AdobeStock_51635003-281x225.jpeg 281w, https:\/\/gmtbiok.cluster100.hosting.ovh.net\/wp-content\/uploads\/2025\/07\/AdobeStock_51635003.jpeg 2000w\" sizes=\"auto, (max-width: 1024px) 100vw, 1024px\" \/><\/figure><div class=\"wp-block-media-text__content\">\n<p>Syst\u00e8mes de tra\u00e7abilit\u00e9 et de contr\u00f4le qualit\u00e9<\/p>\n<\/div><\/div>\n","protected":false},"excerpt":{"rendered":"<p>Mise en place de plateformes de distribution r\u00e9gionales Suivi en temps r\u00e9el des flux de m\u00e9dicaments Syst\u00e8mes de tra\u00e7abilit\u00e9 et de contr\u00f4le qualit\u00e9<\/p>\n","protected":false},"author":1,"featured_media":0,"parent":0,"menu_order":0,"comment_status":"closed","ping_status":"closed","template":"","meta":{"footnotes":""},"class_list":["post-110","page","type-page","status-publish","hentry"],"_links":{"self":[{"href":"https:\/\/www.gmt-biopharm.com\/index.php\/wp-json\/wp\/v2\/pages\/110","targetHints":{"allow":["GET"]}}],"collection":[{"href":"https:\/\/www.gmt-biopharm.com\/index.php\/wp-json\/wp\/v2\/pages"}],"about":[{"href":"https:\/\/www.gmt-biopharm.com\/index.php\/wp-json\/wp\/v2\/types\/page"}],"author":[{"embeddable":true,"href":"https:\/\/www.gmt-biopharm.com\/index.php\/wp-json\/wp\/v2\/users\/1"}],"replies":[{"embeddable":true,"href":"https:\/\/www.gmt-biopharm.com\/index.php\/wp-json\/wp\/v2\/comments?post=110"}],"version-history":[{"count":2,"href":"https:\/\/www.gmt-biopharm.com\/index.php\/wp-json\/wp\/v2\/pages\/110\/revisions"}],"predecessor-version":[{"id":130,"href":"https:\/\/www.gmt-biopharm.com\/index.php\/wp-json\/wp\/v2\/pages\/110\/revisions\/130"}],"wp:attachment":[{"href":"https:\/\/www.gmt-biopharm.com\/index.php\/wp-json\/wp\/v2\/media?parent=110"}],"curies":[{"name":"wp","href":"https:\/\/api.w.org\/{rel}","templated":true}]}}