{"id":108,"date":"2025-07-02T16:09:59","date_gmt":"2025-07-02T16:09:59","guid":{"rendered":"http:\/\/gmtbiok.cluster100.hosting.ovh.net\/?page_id=108"},"modified":"2025-07-04T11:08:24","modified_gmt":"2025-07-04T11:08:24","slug":"distribution-pharmaceutique","status":"publish","type":"page","link":"https:\/\/www.gmt-biopharm.com\/index.php\/distribution-pharmaceutique\/","title":{"rendered":"Distribution pharmaceutique"},"content":{"rendered":"\n<div class=\"wp-block-media-text is-stacked-on-mobile\"><figure class=\"wp-block-media-text__media\"><img loading=\"lazy\" decoding=\"async\" width=\"768\" height=\"512\" src=\"http:\/\/gmtbiok.cluster100.hosting.ovh.net\/wp-content\/uploads\/2025\/07\/Approv.jpg\" alt=\"\" class=\"wp-image-122 size-full\" srcset=\"https:\/\/gmtbiok.cluster100.hosting.ovh.net\/wp-content\/uploads\/2025\/07\/Approv.jpg 768w, https:\/\/gmtbiok.cluster100.hosting.ovh.net\/wp-content\/uploads\/2025\/07\/Approv-300x200.jpg 300w, https:\/\/gmtbiok.cluster100.hosting.ovh.net\/wp-content\/uploads\/2025\/07\/Approv-338x225.jpg 338w\" sizes=\"auto, (max-width: 768px) 100vw, 768px\" \/><\/figure><div class=\"wp-block-media-text__content\">\n<p>Approvisionnement en m\u00e9dicaments essentiels et sp\u00e9cialis\u00e9s<\/p>\n<\/div><\/div>\n\n\n\n<div class=\"wp-block-media-text is-stacked-on-mobile\"><figure class=\"wp-block-media-text__media\"><img loading=\"lazy\" decoding=\"async\" width=\"696\" height=\"392\" src=\"http:\/\/gmtbiok.cluster100.hosting.ovh.net\/wp-content\/uploads\/2025\/07\/livraison-colis-drone-696x392-1.jpg\" alt=\"\" class=\"wp-image-123 size-full\" srcset=\"https:\/\/gmtbiok.cluster100.hosting.ovh.net\/wp-content\/uploads\/2025\/07\/livraison-colis-drone-696x392-1.jpg 696w, https:\/\/gmtbiok.cluster100.hosting.ovh.net\/wp-content\/uploads\/2025\/07\/livraison-colis-drone-696x392-1-300x169.jpg 300w, https:\/\/gmtbiok.cluster100.hosting.ovh.net\/wp-content\/uploads\/2025\/07\/livraison-colis-drone-696x392-1-399x225.jpg 399w\" sizes=\"auto, (max-width: 696px) 100vw, 696px\" \/><\/figure><div class=\"wp-block-media-text__content\">\n<p>Livraison s\u00e9curis\u00e9e vers les zones rurales et enclav\u00e9es<\/p>\n<\/div><\/div>\n\n\n\n<div class=\"wp-block-media-text is-stacked-on-mobile\"><figure class=\"wp-block-media-text__media\"><img loading=\"lazy\" decoding=\"async\" width=\"1024\" height=\"683\" src=\"http:\/\/gmtbiok.cluster100.hosting.ovh.net\/wp-content\/uploads\/2025\/07\/methodes-gestion-stocks-entrepot.1.0-1024x683.jpg\" alt=\"\" class=\"wp-image-124 size-full\" srcset=\"https:\/\/gmtbiok.cluster100.hosting.ovh.net\/wp-content\/uploads\/2025\/07\/methodes-gestion-stocks-entrepot.1.0-1024x683.jpg 1024w, https:\/\/gmtbiok.cluster100.hosting.ovh.net\/wp-content\/uploads\/2025\/07\/methodes-gestion-stocks-entrepot.1.0-300x200.jpg 300w, https:\/\/gmtbiok.cluster100.hosting.ovh.net\/wp-content\/uploads\/2025\/07\/methodes-gestion-stocks-entrepot.1.0-768x512.jpg 768w, https:\/\/gmtbiok.cluster100.hosting.ovh.net\/wp-content\/uploads\/2025\/07\/methodes-gestion-stocks-entrepot.1.0-1536x1024.jpg 1536w, https:\/\/gmtbiok.cluster100.hosting.ovh.net\/wp-content\/uploads\/2025\/07\/methodes-gestion-stocks-entrepot.1.0-338x225.jpg 338w, https:\/\/gmtbiok.cluster100.hosting.ovh.net\/wp-content\/uploads\/2025\/07\/methodes-gestion-stocks-entrepot.1.0.jpg 1920w\" sizes=\"auto, (max-width: 1024px) 100vw, 1024px\" \/><\/figure><div class=\"wp-block-media-text__content\">\n<p>Gestion des stocks et des ruptures d\u2019approvisionnement<\/p>\n<\/div><\/div>\n","protected":false},"excerpt":{"rendered":"<p>Approvisionnement en m\u00e9dicaments essentiels et sp\u00e9cialis\u00e9s Livraison s\u00e9curis\u00e9e vers les zones rurales et enclav\u00e9es Gestion des stocks et des ruptures d\u2019approvisionnement<\/p>\n","protected":false},"author":1,"featured_media":0,"parent":0,"menu_order":0,"comment_status":"closed","ping_status":"closed","template":"","meta":{"footnotes":""},"class_list":["post-108","page","type-page","status-publish","hentry"],"_links":{"self":[{"href":"https:\/\/www.gmt-biopharm.com\/index.php\/wp-json\/wp\/v2\/pages\/108","targetHints":{"allow":["GET"]}}],"collection":[{"href":"https:\/\/www.gmt-biopharm.com\/index.php\/wp-json\/wp\/v2\/pages"}],"about":[{"href":"https:\/\/www.gmt-biopharm.com\/index.php\/wp-json\/wp\/v2\/types\/page"}],"author":[{"embeddable":true,"href":"https:\/\/www.gmt-biopharm.com\/index.php\/wp-json\/wp\/v2\/users\/1"}],"replies":[{"embeddable":true,"href":"https:\/\/www.gmt-biopharm.com\/index.php\/wp-json\/wp\/v2\/comments?post=108"}],"version-history":[{"count":2,"href":"https:\/\/www.gmt-biopharm.com\/index.php\/wp-json\/wp\/v2\/pages\/108\/revisions"}],"predecessor-version":[{"id":125,"href":"https:\/\/www.gmt-biopharm.com\/index.php\/wp-json\/wp\/v2\/pages\/108\/revisions\/125"}],"wp:attachment":[{"href":"https:\/\/www.gmt-biopharm.com\/index.php\/wp-json\/wp\/v2\/media?parent=108"}],"curies":[{"name":"wp","href":"https:\/\/api.w.org\/{rel}","templated":true}]}}